{"id":8889,"date":"2022-09-29T01:24:01","date_gmt":"2022-09-29T01:24:01","guid":{"rendered":"http:\/\/localhost\/promotors\/?page_id=8889"},"modified":"2025-03-02T21:46:25","modified_gmt":"2025-03-02T21:46:25","slug":"home-1-one-page","status":"publish","type":"page","link":"https:\/\/fd-drive.de\/","title":{"rendered":"HOME 1 &#8211; ONE PAGE"},"content":{"rendered":"<p><input type=\"checkbox\" name=\"toggle\"><br \/>\n                                        <label for=\"toggle\"><br \/>\n                                            <i><br \/>\n                                            <\/i><br \/>\n                                        <\/label><\/p>\n<h1>F&#038;D-Drive<\/h1>\n<p>                                                                                                    SCHNELL UND SICHER ANS ZIEL<\/p>\n<p>Ihr zuverl\u00e4ssiger Partner f\u00fcr UBER Fahrten<br \/> in Raum D\u00fcsseldorf<br \/>\n                                        <input type=\"checkbox\" name=\"toggle\"><br \/>\n                                        <label for=\"toggle\"><br \/>\n                                            <i><br \/>\n                                            <\/i><br \/>\n                                        <\/label><br \/>\n                                                                    <img loading=\"lazy\" decoding=\"async\" width=\"1000\" height=\"636\" src=\"http:\/\/fd-drive.de\/wp-content\/uploads\/2023\/07\/home1-left-light-carousel.png\" alt=\"home1-left-light-carousel\" \/><br \/>\n                                                                                                    <img loading=\"lazy\" decoding=\"async\" width=\"2048\" height=\"1552\" src=\"http:\/\/fd-drive.de\/wp-content\/uploads\/2022\/09\/6cff7068-b4b4-406f-a415-a18ebdf23eaa.png\" alt=\"\" \/><br \/>\n                                                                                                                                    <img loading=\"lazy\" decoding=\"async\" width=\"1000\" height=\"636\" src=\"http:\/\/fd-drive.de\/wp-content\/uploads\/2023\/07\/home1-right-light-carousel.png\" alt=\"home1-right-light-carousel\" \/><\/p>\n<h1 data-duration=\"2000\" data-to-value=\"10\" data-delimiter=\",\">1<\/h1>\n<h1>+<\/h1>\n<p>                            Mehr als 10 Jahre Erfahrung<\/p>\n<h1>+<\/h1>\n<h1 data-duration=\"2000\" data-to-value=\"180000\" data-delimiter=\",\">1<\/h1>\n<p>                            Schon \u00fcber 180.000+ Fahrten erfolgreich durchgef\u00fchrt<\/p>\n<h1 data-duration=\"2000\" data-to-value=\"99\" data-delimiter=\",\">1<\/h1>\n<h1>%<\/h1>\n<p>                            Kundenzufriedenheit<\/p>\n<h2 data-wow-delay=\"ms\">\n        Unsere Flotte    <\/h2>\n<p>Unsere Flotte besteht ausschlie\u00dflich aus modernen, wei\u00dfen Toyota Corolla, die perfekt<br \/>\n<br \/>\nf\u00fcr komfortable und effiziente Uber Fahrten geeignet sind.<\/p>\n<p>Vertrauen Sie uns f\u00fcr Ihre n\u00e4chste Uber Fahrt!<\/p>\n<p>                        <img loading=\"lazy\" decoding=\"async\" src=\"http:\/\/fd-drive.de\/wp-content\/uploads\/2025\/03\/Toyota_Flotte-e1740929911396-998x750.png\" width=\"998\" height=\"750\" alt=\"Toyota_Flotte\" title=\"Toyota_Flotte\" \/>            \t\t\t\t<\/p>\n<h2 data-wow-delay=\"ms\">\n        Kontakt    <\/h2>\n<p>\t\t\t\t\t[piotnetforms id=19090]<\/p>\n","protected":false},"excerpt":{"rendered":"<p>F&#038;D-Drive SCHNELL UND SICHER ANS ZIEL Ihr zuverl\u00e4ssiger Partner f\u00fcr UBER Fahrten in Raum D\u00fcsseldorf 1 + Mehr als 10 Jahre Erfahrung + 1 Schon \u00fcber 180.000+ Fahrten erfolgreich durchgef\u00fchrt 1 % Kundenzufriedenheit Unsere Flotte Unsere Flotte besteht ausschlie\u00dflich aus modernen, wei\u00dfen Toyota Corolla, die perfekt f\u00fcr komfortable und effiziente Uber Fahrten geeignet sind. Vertrauen [&hellip;]<\/p>\n","protected":false},"author":1,"featured_media":0,"parent":0,"menu_order":0,"comment_status":"closed","ping_status":"closed","template":"","meta":{"footnotes":""},"class_list":["post-8889","page","type-page","status-publish","hentry"],"_links":{"self":[{"href":"https:\/\/fd-drive.de\/index.php\/wp-json\/wp\/v2\/pages\/8889","targetHints":{"allow":["GET"]}}],"collection":[{"href":"https:\/\/fd-drive.de\/index.php\/wp-json\/wp\/v2\/pages"}],"about":[{"href":"https:\/\/fd-drive.de\/index.php\/wp-json\/wp\/v2\/types\/page"}],"author":[{"embeddable":true,"href":"https:\/\/fd-drive.de\/index.php\/wp-json\/wp\/v2\/users\/1"}],"replies":[{"embeddable":true,"href":"https:\/\/fd-drive.de\/index.php\/wp-json\/wp\/v2\/comments?post=8889"}],"version-history":[{"count":148,"href":"https:\/\/fd-drive.de\/index.php\/wp-json\/wp\/v2\/pages\/8889\/revisions"}],"predecessor-version":[{"id":19147,"href":"https:\/\/fd-drive.de\/index.php\/wp-json\/wp\/v2\/pages\/8889\/revisions\/19147"}],"wp:attachment":[{"href":"https:\/\/fd-drive.de\/index.php\/wp-json\/wp\/v2\/media?parent=8889"}],"curies":[{"name":"wp","href":"https:\/\/api.w.org\/{rel}","templated":true}]}}